{"id":42,"date":"2014-10-09T16:10:49","date_gmt":"2014-10-09T14:10:49","guid":{"rendered":"http:\/\/bernatowicz.pl\/?page_id=42"},"modified":"2020-10-07T23:56:44","modified_gmt":"2020-10-07T21:56:44","slug":"zrodla","status":"publish","type":"page","link":"https:\/\/bernatowicz.pl\/?page_id=42","title":{"rendered":"\u0179r\u00f3d\u0142a"},"content":{"rendered":"<ol>\n<li>Boniecki Adam, Herbarz Polski; Sk\u0142ad G\u0142\u00f3wny Gebethner i Wolff w Warszawie 1899; t. 1; str. 170<\/li>\n<li>Boniecki Adam, Herbarz Polski, Uzupe\u0142nienia i sprostowania do cz\u0119\u015bci I; Sk\u0142ad G\u0142\u00f3wny Gebethner i Wolff w Warszawie 1901; str. 110 i 111<\/li>\n<li>Borucki Marek, Po radziwi\u0142\u0142owsku. O \u017cyciu i dzia\u0142alno\u015bci politycznej wojewody wile\u0144skiego ksi\u0119cia Karola Radziwi\u0142\u0142a &#8222;Panie Kochanku&#8221;; Ludowa Sp\u00f3\u0142dzielnia Wydawnicza Warszawa 1980; str. 158 &#8211; 159<\/li>\n<li>Bratkowski Stefan, Z czym do nie\u015bmiertelno\u015bci; Wydawnictwo \u015al\u0105sk Katowice 1977; str. 37 &#8211; 38<\/li>\n<li>Gajl Tadeusz, Polskie rody szlacheckie i ich herby; Wydawnictwo Benkowski Bia\u0142ystok 1999; str. 24<\/li>\n<li>Gloger Zygmunt, Encyklopedia staropolska ilustrowana; Wiedza Powszechna Warszawa 1972, t. 1; przedruk fotooffsetowy wydania z 1900 &#8211; 1903 r<\/li>\n<li>G\u00f3rzy\u0144ski Zygmunt, Kochanowski Jerzy, Herby szlachty polskiej; Wydawnictwa Uniwersytetu Warszawskiego i Wydawnictwa ALFA Warszawa 1992; str 69 i 92<\/li>\n<li>Kaleta Roman, O\u015bwieceni i sentymentalni. Studia nad Literatur\u0105 i \u017cyciem w Polsce w okresie trzech rozbior\u00f3w; Wroc\u0142aw &#8211; Warszawa &#8211; Krak\u00f3w &#8211; Gda\u0144sk, Zak\u0142. Nar. im Ossoli\u0144skich 1971; str. 471<\/li>\n<li><a href=\"https:\/\/www.wbc.poznan.pl\/dlibra\/publication\/56796\">Korwin Ludwik, Ormia\u0144skie rody szlacheckie, Sk\u0142ad G\u0142\u00f3wny Gebethner i Wolff Krak\u00f3w 1934; str. 71 &#8211; 73<\/a><\/li>\n<li>Kr\u00f3l Wac\u0142aw, Zarys dzia\u0142a\u0144 polskiego lotnictwa w Wielkiej Brytanii 1940 &#8211; 194 5, WK\u0141 Warszawa 1990<\/li>\n<li>Krzy\u017canowski Julian, Historia literatury polskiej. Alegoryzm &#8211; preromantyzm; PIW Warszawa 1974<\/li>\n<li>Ksi\u0119ga poleg\u0142ych na polu chwa\u0142y 1943 &#8211; 1945; Wyd. MON 1974<\/li>\n<li>Lilejko Jerzy, \u017bycie codzienne w Warszawie za Waz\u00f3w; Pa\u0144stwowy Instytut Wydawniczy Warszawa 1984, str. 259<\/li>\n<li>\u0141ozi\u0144ski W\u0142adys\u0142aw, Prawem i lewem. Obyczaje na Czerwonej Rusi w pierwszej po\u0142owie XVII wieku; Wyd. Literackie Krak\u00f3w 1960, t. 1 str. 99<\/li>\n<li>Ma\u0142y s\u0142ownik pisarzy polskich, cz. I; Wiedza Powszechna Warszawa 1966<\/li>\n<li>M\u0105czy\u0144ski Ryszard, Nied\u017awied\u017a na warszawskiej star\u00f3wce; w Poznaj sw\u00f3j kraj 2 \/1984, Nr 271, str. 10 &#8211; 11<\/li>\n<li>Nekanda Trepka Walerian, Liber Generationis Plebeanorum (&#8222;Liber Chamorum&#8221;), Wyd II, Zak\u0142ad Narodowy im. Ossoli\u0144skich Wydawnictwo, Wroc\u0142aw 1995, str.73<\/li>\n<li>Polegli w walce o w\u0142adz\u0119 ludow\u0105; Wyd. Ksi\u0105\u017cka i Wiedza 1970<\/li>\n<li>Polski S\u0142ownik Biograficzny; Gebethner i Wolff, Krak\u00f3w 1935; t. 1, str. 462-464<\/li>\n<li><a href=\"https:\/\/www.wbc.poznan.pl\/dlibra\/publication\/52471\/edition\/68784\">Pu\u0142aski Kazimierz, Kronika polskich rod\u00f3w szlacheckich Podola, Wo\u0142ynia i Ukrainy. Monografie i wzmianki;<\/a> Wyd. Nak\u0142adem Ksi\u0119garni Feliksa Westa, Brody 1911, t. 1, str. 7<\/li>\n<li>Roszko Janusz, Ostatni rycerz Europy; Wyd. \u015al\u0105sk Katowice 1983, str. 293<\/li>\n<li>Rymut Kazimierz, Nazwiska Polak\u00f3w; Wroc\u0142aw &#8211; Warszawa &#8211; Krak\u00f3w Zak\u0142ad Narodowy im. Ossoli\u0144skich Wydawnictwo, 1991, str. 84<\/li>\n<li>Sajkowski Alojzy, Staropolska mi\u0142o\u015b\u0107. Z dawnych list\u00f3w i pami\u0119tnik\u00f3w; Wyd. Pozna\u0144skie Pozna\u0144 1981, str. 337 &#8211; 338<\/li>\n<li>Sapargalijew Gajrat, Dajkow W\u0142adimir, Polacy w Kazachstanie w XIX w.; Czytelnik Warszawa 1982<\/li>\n<li>Sidorski Dionizy, &#8222;Panie Kochanku&#8221;, Wyd. \u015al\u0105sk Katowice 1987<\/li>\n<li>Stupnicki Hipolit, Herbarz Polski i imionospis zas\u0142u\u017conych w Polsce ludzi wszystkich stan\u00f3w i czas\u00f3w; Drukiem Kornela Pillera, Lw\u00f3w 1855, t. 1, str. 24<\/li>\n<li>Szenic Stanis\u0142aw, Cmentarz pow\u0105zkowski 1891 &#8211; 1918. Zmarli i ich rodziny; PIW 1983, str. 324<\/li>\n<li>Uruski Seweryn, Rodzina. herbarz szlachty polskiej; Sk\u0142ad G\u0142\u00f3wny Ksi\u0119garnia Gebethnera i Wolffa, Warszawa 1904, T. I, str. 144-145<\/li>\n<li>Wajs Anna, Materia\u0142y genealogiczne, nobilitacje, indygenaty w zbiorach Archiwum G\u0142\u00f3wnego Akt Dawnych w Warszawie; DiG 2001, str. 20<\/li>\n<li>Warszawa w latach 1526 &#8211; 1795, wyd. zbiorowe pod red. S. Kieniewicza; PWN Warszawa 1984<\/li>\n<li>Wielka Encyklopedia PWN<\/li>\n<li>Wimmer Jan, Wojsko i finanse Rzeczpospolitej w czasie wojny ze Szwecj\u0105 1655 &#8211; 1660; w Wojna Polsko Szwedzka 1655 &#8211; 1660; Wyd. MON Warszawa 1973; str. 65<\/li>\n<li>\u017bali\u0144ski Henryk, Stracone szanse. Wielka Emigracja o powstaniu listopadowym; Wyd. MON Warszawa 1982<\/li>\n<\/ol>\n\n\r\n","protected":false},"excerpt":{"rendered":"<p>Boniecki Adam, Herbarz Polski; Sk\u0142ad G\u0142\u00f3wny Gebethner i Wolff w Warszawie 1899; t. 1; str. 170 Boniecki Adam, Herbarz Polski, Uzupe\u0142nienia i sprostowania do cz\u0119\u015bci I; Sk\u0142ad G\u0142\u00f3wny Gebethner i Wolff w Warszawie 1901; str. [&hellip;]<\/p>\n","protected":false},"author":1,"featured_media":0,"parent":0,"menu_order":0,"comment_status":"open","ping_status":"open","template":"","meta":{"footnotes":""},"class_list":["post-42","page","type-page","status-publish","hentry"],"_links":{"self":[{"href":"https:\/\/bernatowicz.pl\/index.php?rest_route=\/wp\/v2\/pages\/42","targetHints":{"allow":["GET"]}}],"collection":[{"href":"https:\/\/bernatowicz.pl\/index.php?rest_route=\/wp\/v2\/pages"}],"about":[{"href":"https:\/\/bernatowicz.pl\/index.php?rest_route=\/wp\/v2\/types\/page"}],"author":[{"embeddable":true,"href":"https:\/\/bernatowicz.pl\/index.php?rest_route=\/wp\/v2\/users\/1"}],"replies":[{"embeddable":true,"href":"https:\/\/bernatowicz.pl\/index.php?rest_route=%2Fwp%2Fv2%2Fcomments&post=42"}],"version-history":[{"count":0,"href":"https:\/\/bernatowicz.pl\/index.php?rest_route=\/wp\/v2\/pages\/42\/revisions"}],"wp:attachment":[{"href":"https:\/\/bernatowicz.pl\/index.php?rest_route=%2Fwp%2Fv2%2Fmedia&parent=42"}],"curies":[{"name":"wp","href":"https:\/\/api.w.org\/{rel}","templated":true}]}}